{"id":1075,"date":"2025-01-13T15:29:01","date_gmt":"2025-01-13T14:29:01","guid":{"rendered":"https:\/\/dmkbpartners.nl\/zzp-checklist\/"},"modified":"2025-01-30T11:49:08","modified_gmt":"2025-01-30T10:49:08","slug":"zzp-checklist","status":"publish","type":"page","link":"https:\/\/dmkbpartners.nl\/pl\/zzp-checklist\/","title":{"rendered":"ZZP Checklist"},"content":{"rendered":"<p>[et_pb_section fb_built=&#8221;1&#8243; custom_padding_last_edited=&#8221;on|desktop&#8221; _builder_version=&#8221;4.27.4&#8243; _module_preset=&#8221;default&#8221; background_color=&#8221;#FFFBF4&#8243; custom_padding=&#8221;100px||0px||false|false&#8221; custom_padding_tablet=&#8221;75px||0px||false|false&#8221; custom_padding_phone=&#8221;50px||0px||false|false&#8221; locked=&#8221;off&#8221; global_colors_info=&#8221;{}&#8221;][et_pb_row column_structure=&#8221;3_5,2_5&#8243; make_equal=&#8221;on&#8221; _builder_version=&#8221;4.27.4&#8243; _module_preset=&#8221;default&#8221; locked=&#8221;off&#8221; global_colors_info=&#8221;{}&#8221;][et_pb_column type=&#8221;3_5&#8243; _builder_version=&#8221;4.27.4&#8243; _module_preset=&#8221;default&#8221; custom_css_main_element=&#8221;margin-top: auto;&#8221; global_colors_info=&#8221;{}&#8221;][et_pb_text _builder_version=&#8221;4.27.4&#8243; _module_preset=&#8221;default&#8221; text_text_color=&#8221;#1E1B15&#8243; animation_style=&#8221;slide&#8221; animation_direction=&#8221;right&#8221; animation_duration=&#8221;700ms&#8221; animation_delay=&#8221;300ms&#8221; animation_intensity_slide=&#8221;3%&#8221; locked=&#8221;off&#8221; global_colors_info=&#8221;{}&#8221;]<\/p>\n<h1>Checklist dla ZZP<\/h1>\n<p>Hej, rzemie\u015blniku! M\u00f3wisz, \u017ce jeste\u015b przedsi\u0119biorc\u0105, ale czy Urz\u0105d Skarbowy (Belastingdienst) te\u017c tak Ci\u0119 widzi? Istnieje kilka wymog\u00f3w, kt\u00f3re musisz spe\u0142ni\u0107 jako przedsi\u0119biorca. Tylko wtedy mo\u017cesz legalnie prowadzi\u0107 firm\u0119 w Holandii. Sprawd\u017a poni\u017csz\u0105 list\u0119, aby upewni\u0107 si\u0119, czy spe\u0142niasz te kryteria!    <\/p>\n<p>[\/et_pb_text][\/et_pb_column][et_pb_column type=&#8221;2_5&#8243; disabled_on=&#8221;on|on|off&#8221; _builder_version=&#8221;4.27.4&#8243; _module_preset=&#8221;default&#8221; global_colors_info=&#8221;{}&#8221;][et_pb_image src=&#8221;https:\/\/dmkbpartners.nl\/wp-content\/uploads\/2025\/01\/dmkb-partners-logo-mark-black-rgb.svg&#8221; title_text=&#8221;dmkb-partners-logo-mark-black-rgb&#8221; _builder_version=&#8221;4.27.4&#8243; _module_preset=&#8221;default&#8221; max_width=&#8221;200px&#8221; module_alignment=&#8221;right&#8221; global_colors_info=&#8221;{}&#8221;][\/et_pb_image][\/et_pb_column][\/et_pb_row][\/et_pb_section][et_pb_section fb_built=&#8221;1&#8243; _builder_version=&#8221;4.27.4&#8243; _module_preset=&#8221;default&#8221; background_color=&#8221;#FFFBF4&#8243; custom_padding=&#8221;98px||98px||true|false&#8221; global_colors_info=&#8221;{}&#8221;][et_pb_row column_structure=&#8221;1_2,1_2&#8243; make_equal=&#8221;on&#8221; _builder_version=&#8221;4.27.4&#8243; _module_preset=&#8221;default&#8221; custom_margin=&#8221;||100px||false|false&#8221; custom_margin_tablet=&#8221;||75px||false|false&#8221; custom_margin_phone=&#8221;||50px||false|false&#8221; custom_margin_last_edited=&#8221;on|phone&#8221; locked=&#8221;off&#8221; global_colors_info=&#8221;{}&#8221;][et_pb_column type=&#8221;1_2&#8243; _builder_version=&#8221;4.27.4&#8243; _module_preset=&#8221;default&#8221; custom_css_main_element=&#8221;margin: auto;&#8221; global_colors_info=&#8221;{}&#8221;][et_pb_text module_class=&#8221;wtfy-markers&#8221; _builder_version=&#8221;4.27.4&#8243; _module_preset=&#8221;default&#8221; text_text_color=&#8221;#1E1B15&#8243; custom_margin=&#8221;||20px||false|false&#8221; custom_css_free_form=&#8221;selector sup {||    font-size: 0.75em;||    vertical-align: bottom;||}&#8221; global_colors_info=&#8221;{}&#8221;]<\/p>\n<h2>Przedsi\u0119biorc\u0105 jeste\u015b tylko wtedy, gdy posiadasz:<\/h2>\n<ul>\n<li>Wa\u017cny numer KvK (Izba Handlowa) z odpowiednim <span style=\"color: #c93c0f;\">kodem SBI<sup>1<\/sup><\/span>.<\/li>\n<li>Wa\u017cny <span style=\"color: #c93c0f;\">numer BTW (VAT)<sup>2<\/sup><\/span>.<\/li>\n<li>Szczeg\u00f3\u0142ow\u0105 dokumentacj\u0119 dzia\u0142alno\u015bci, tak\u0105 jak faktury, oferty, koszty i rejestracj\u0119 kilometr\u00f3w.<\/li>\n<li><span style=\"color: #c93c0f;\">Ubezpieczenie od odpowiedzialno\u015bci cywilnej dla firmy<sup>3<\/sup><\/span>.<\/li>\n<li>W\u0142asny transport.<\/li>\n<li>W\u0142asne narz\u0119dzia pracy.<\/li>\n<li>\u015arodki ochrony osobistej z w\u0142asnym logo.<\/li>\n<li>Branding swojej firmy (logo, marka) i stron\u0119 internetow\u0105.<\/li>\n<li>Inwestycje w marketing firmy, takie jak poszukiwanie klient\u00f3w na LinkedIn.<\/li>\n<li>Inwestycje w rozw\u00f3j firmy, na przyk\u0142ad poprzez uczestnictwo w szkoleniach i kursach<\/li>\n<li>Biznesowy adres e-mail do kontaktu z klientami i wysy\u0142ania ofert, na przyk\u0142ad: info@twojafirma.nl.<\/li>\n<\/ul>\n<p>Wszystko si\u0119 zgadza czy nie jeste\u015b pewien? Nie martw si\u0119! Przygotujemy Ci\u0119 do prowadzenia dzia\u0142alno\u015bci zgodnie z zasadami. Pomo\u017cemy Ci mi\u0119dzy innymi z marketingiem i wsp\u00f3lnie zbudujemy siln\u0105 mark\u0119.   <\/p>\n<p>Chcesz si\u0119 dowiedzie\u0107, co mo\u017cemy dla Ciebie zrobi\u0107?<\/p>\n<p>[\/et_pb_text][et_pb_button button_url=&#8221;@ET-DC@eyJkeW5hbWljIjp0cnVlLCJjb250ZW50IjoicG9zdF9saW5rX3VybF9wYWdlIiwic2V0dGluZ3MiOnsicG9zdF9pZCI6IjgyNSJ9fQ==@&#8221; button_text=&#8221;Skontaktuj si\u0119 z nami!&#8221; _builder_version=&#8221;4.27.4&#8243; _dynamic_attributes=&#8221;button_url&#8221; _module_preset=&#8221;default&#8221; global_colors_info=&#8221;{}&#8221;][\/et_pb_button][\/et_pb_column][et_pb_column type=&#8221;1_2&#8243; _builder_version=&#8221;4.27.4&#8243; _module_preset=&#8221;default&#8221; custom_css_main_element=&#8221;margin: auto;&#8221; global_colors_info=&#8221;{}&#8221;][et_pb_image src=&#8221;https:\/\/dmkbpartners.nl\/wp-content\/uploads\/2025\/01\/JEX_CONSULTANCY_DMKB_24_OVD-39.jpg&#8221; title_text=&#8221;JEX_CONSULTANCY_DMKB_24_OVD-39&#8243; _builder_version=&#8221;4.27.4&#8243; _module_preset=&#8221;default&#8221; hover_enabled=&#8221;0&#8243; border_radii=&#8221;off|250px|||&#8221; border_radii_tablet=&#8221;off|200px|||&#8221; border_radii_phone=&#8221;off|100px|||&#8221; border_radii_last_edited=&#8221;on|phone&#8221; locked=&#8221;off&#8221; global_colors_info=&#8221;{}&#8221; sticky_enabled=&#8221;0&#8243;][\/et_pb_image][\/et_pb_column][\/et_pb_row][et_pb_row column_structure=&#8221;1_3,1_3,1_3&#8243; _builder_version=&#8221;4.27.4&#8243; _module_preset=&#8221;default&#8221; global_colors_info=&#8221;{}&#8221;][et_pb_column type=&#8221;1_3&#8243; _builder_version=&#8221;4.27.4&#8243; _module_preset=&#8221;default&#8221; global_colors_info=&#8221;{}&#8221;][et_pb_text _builder_version=&#8221;4.27.4&#8243; _module_preset=&#8221;default&#8221; text_text_color=&#8221;#1E1B15&#8243; global_colors_info=&#8221;{}&#8221;]<span style=\"\">1:<\/span> Kod SBI oznacza Standardowy Kod Klasyfikacji Dzia\u0142alno\u015bci Gospodarczej. Jest to system, kt\u00f3rego Izba Handlowa (KvK) u\u017cywa do kategoryzowania firm na podstawie ich dzia\u0142alno\u015bci. Kod SBI sk\u0142ada si\u0119 z numeru, kt\u00f3ry wskazuje, w jakim sektorze lub bran\u017cy dzia\u0142a dana firma.[\/et_pb_text][\/et_pb_column][et_pb_column type=&#8221;1_3&#8243; _builder_version=&#8221;4.27.4&#8243; _module_preset=&#8221;default&#8221; global_colors_info=&#8221;{}&#8221;][et_pb_text _builder_version=&#8221;4.27.4&#8243; _module_preset=&#8221;default&#8221; text_text_color=&#8221;#1E1B15&#8243; global_colors_info=&#8221;{}&#8221;]<\/p>\n<p><span style=\"\">2:<\/span> Numer VAT to unikalny numer nadawany firmie przez urz\u0105d skarbowy. U\u017cywa si\u0119 go, gdy trzeba zap\u0142aci\u0107 lub pobra\u0107 podatek VAT (podatek od towar\u00f3w i us\u0142ug) dla firmy. Numer ten jest umieszczany na fakturach i wykorzystywany do sk\u0142adania deklaracji podatkowych. W Holandii numer VAT zaczyna si\u0119 od \u201eNL\u201d, po kt\u00f3rym nast\u0119puje unikalny numer.   <\/p>\n<p>[\/et_pb_text][\/et_pb_column][et_pb_column type=&#8221;1_3&#8243; _builder_version=&#8221;4.27.4&#8243; _module_preset=&#8221;default&#8221; global_colors_info=&#8221;{}&#8221;][et_pb_text _builder_version=&#8221;4.27.4&#8243; _module_preset=&#8221;default&#8221; text_text_color=&#8221;#1E1B15&#8243; global_colors_info=&#8221;{}&#8221;]<span style=\"color: #c93c0f;\">3:<\/span> Ubezpieczenie od odpowiedzialno\u015bci cywilnej dla firm to polisa, kt\u00f3ra pomaga przedsi\u0119biorstwu w przypadku, gdy przypadkowo spowoduje szkody wobec innych os\u00f3b lub ich mienia. Chroni to firm\u0119 przed konieczno\u015bci\u0105 samodzielnego pokrywania koszt\u00f3w tych szk\u00f3d.[\/et_pb_text][\/et_pb_column][\/et_pb_row][\/et_pb_section]<\/p>\n","protected":false},"excerpt":{"rendered":"<p>Checklist dla ZZP Hej, rzemie\u015blniku! M\u00f3wisz, \u017ce jeste\u015b przedsi\u0119biorc\u0105, ale czy Urz\u0105d Skarbowy (Belastingdienst) te\u017c tak Ci\u0119 widzi? Istnieje kilka wymog\u00f3w, kt\u00f3re musisz spe\u0142ni\u0107 jako przedsi\u0119biorca. Tylko wtedy mo\u017cesz legalnie prowadzi\u0107 firm\u0119 w Holandii. Sprawd\u017a poni\u017csz\u0105 list\u0119, aby upewni\u0107 si\u0119, czy spe\u0142niasz te kryteria! Przedsi\u0119biorc\u0105 jeste\u015b tylko wtedy, gdy posiadasz: Wa\u017cny numer KvK (Izba Handlowa) [&hellip;]<\/p>\n","protected":false},"author":2,"featured_media":0,"parent":0,"menu_order":0,"comment_status":"closed","ping_status":"closed","template":"","meta":{"_et_pb_use_builder":"on","_et_pb_old_content":"","_et_gb_content_width":"","footnotes":""},"class_list":["post-1075","page","type-page","status-publish","hentry"],"yoast_head":"<!-- This site is optimized with the Yoast SEO plugin v26.9 - https:\/\/yoast.com\/product\/yoast-seo-wordpress\/ -->\n<title>ZZP Checklist - DMKB<\/title>\n<meta name=\"robots\" content=\"index, follow, max-snippet:-1, max-image-preview:large, max-video-preview:-1\" \/>\n<link rel=\"canonical\" href=\"https:\/\/dmkbpartners.nl\/pl\/zzp-checklist\/\" \/>\n<meta property=\"og:locale\" content=\"pl_PL\" \/>\n<meta property=\"og:type\" content=\"article\" \/>\n<meta property=\"og:title\" content=\"ZZP Checklist - DMKB\" \/>\n<meta property=\"og:description\" content=\"Checklist dla ZZP Hej, rzemie\u015blniku! M\u00f3wisz, \u017ce jeste\u015b przedsi\u0119biorc\u0105, ale czy Urz\u0105d Skarbowy (Belastingdienst) te\u017c tak Ci\u0119 widzi? Istnieje kilka wymog\u00f3w, kt\u00f3re musisz spe\u0142ni\u0107 jako przedsi\u0119biorca. Tylko wtedy mo\u017cesz legalnie prowadzi\u0107 firm\u0119 w Holandii. Sprawd\u017a poni\u017csz\u0105 list\u0119, aby upewni\u0107 si\u0119, czy spe\u0142niasz te kryteria! Przedsi\u0119biorc\u0105 jeste\u015b tylko wtedy, gdy posiadasz: Wa\u017cny numer KvK (Izba Handlowa) [&hellip;]\" \/>\n<meta property=\"og:url\" content=\"https:\/\/dmkbpartners.nl\/pl\/zzp-checklist\/\" \/>\n<meta property=\"og:site_name\" content=\"DMKB\" \/>\n<meta property=\"article:modified_time\" content=\"2025-01-30T10:49:08+00:00\" \/>\n<meta name=\"twitter:card\" content=\"summary_large_image\" \/>\n<meta name=\"twitter:label1\" content=\"Szacowany czas czytania\" \/>\n\t<meta name=\"twitter:data1\" content=\"4 minuty\" \/>\n<script type=\"application\/ld+json\" class=\"yoast-schema-graph\">{\"@context\":\"https:\/\/schema.org\",\"@graph\":[{\"@type\":\"WebPage\",\"@id\":\"https:\/\/dmkbpartners.nl\/pl\/zzp-checklist\/\",\"url\":\"https:\/\/dmkbpartners.nl\/pl\/zzp-checklist\/\",\"name\":\"ZZP Checklist - DMKB\",\"isPartOf\":{\"@id\":\"https:\/\/dmkbpartners.nl\/pl\/#website\"},\"datePublished\":\"2025-01-13T14:29:01+00:00\",\"dateModified\":\"2025-01-30T10:49:08+00:00\",\"breadcrumb\":{\"@id\":\"https:\/\/dmkbpartners.nl\/pl\/zzp-checklist\/#breadcrumb\"},\"inLanguage\":\"pl-PL\",\"potentialAction\":[{\"@type\":\"ReadAction\",\"target\":[\"https:\/\/dmkbpartners.nl\/pl\/zzp-checklist\/\"]}]},{\"@type\":\"BreadcrumbList\",\"@id\":\"https:\/\/dmkbpartners.nl\/pl\/zzp-checklist\/#breadcrumb\",\"itemListElement\":[{\"@type\":\"ListItem\",\"position\":1,\"name\":\"Homepage\",\"item\":\"https:\/\/dmkbpartners.nl\/pl\/strona-glowna\/\"},{\"@type\":\"ListItem\",\"position\":2,\"name\":\"ZZP Checklist\"}]},{\"@type\":\"WebSite\",\"@id\":\"https:\/\/dmkbpartners.nl\/pl\/#website\",\"url\":\"https:\/\/dmkbpartners.nl\/pl\/\",\"name\":\"DMKB\",\"description\":\"Bouw en techniek zonder zorgen\",\"potentialAction\":[{\"@type\":\"SearchAction\",\"target\":{\"@type\":\"EntryPoint\",\"urlTemplate\":\"https:\/\/dmkbpartners.nl\/pl\/?s={search_term_string}\"},\"query-input\":{\"@type\":\"PropertyValueSpecification\",\"valueRequired\":true,\"valueName\":\"search_term_string\"}}],\"inLanguage\":\"pl-PL\"}]}<\/script>\n<!-- \/ Yoast SEO plugin. -->","yoast_head_json":{"title":"ZZP Checklist - DMKB","robots":{"index":"index","follow":"follow","max-snippet":"max-snippet:-1","max-image-preview":"max-image-preview:large","max-video-preview":"max-video-preview:-1"},"canonical":"https:\/\/dmkbpartners.nl\/pl\/zzp-checklist\/","og_locale":"pl_PL","og_type":"article","og_title":"ZZP Checklist - DMKB","og_description":"Checklist dla ZZP Hej, rzemie\u015blniku! M\u00f3wisz, \u017ce jeste\u015b przedsi\u0119biorc\u0105, ale czy Urz\u0105d Skarbowy (Belastingdienst) te\u017c tak Ci\u0119 widzi? Istnieje kilka wymog\u00f3w, kt\u00f3re musisz spe\u0142ni\u0107 jako przedsi\u0119biorca. Tylko wtedy mo\u017cesz legalnie prowadzi\u0107 firm\u0119 w Holandii. Sprawd\u017a poni\u017csz\u0105 list\u0119, aby upewni\u0107 si\u0119, czy spe\u0142niasz te kryteria! Przedsi\u0119biorc\u0105 jeste\u015b tylko wtedy, gdy posiadasz: Wa\u017cny numer KvK (Izba Handlowa) [&hellip;]","og_url":"https:\/\/dmkbpartners.nl\/pl\/zzp-checklist\/","og_site_name":"DMKB","article_modified_time":"2025-01-30T10:49:08+00:00","twitter_card":"summary_large_image","twitter_misc":{"Szacowany czas czytania":"4 minuty"},"schema":{"@context":"https:\/\/schema.org","@graph":[{"@type":"WebPage","@id":"https:\/\/dmkbpartners.nl\/pl\/zzp-checklist\/","url":"https:\/\/dmkbpartners.nl\/pl\/zzp-checklist\/","name":"ZZP Checklist - DMKB","isPartOf":{"@id":"https:\/\/dmkbpartners.nl\/pl\/#website"},"datePublished":"2025-01-13T14:29:01+00:00","dateModified":"2025-01-30T10:49:08+00:00","breadcrumb":{"@id":"https:\/\/dmkbpartners.nl\/pl\/zzp-checklist\/#breadcrumb"},"inLanguage":"pl-PL","potentialAction":[{"@type":"ReadAction","target":["https:\/\/dmkbpartners.nl\/pl\/zzp-checklist\/"]}]},{"@type":"BreadcrumbList","@id":"https:\/\/dmkbpartners.nl\/pl\/zzp-checklist\/#breadcrumb","itemListElement":[{"@type":"ListItem","position":1,"name":"Homepage","item":"https:\/\/dmkbpartners.nl\/pl\/strona-glowna\/"},{"@type":"ListItem","position":2,"name":"ZZP Checklist"}]},{"@type":"WebSite","@id":"https:\/\/dmkbpartners.nl\/pl\/#website","url":"https:\/\/dmkbpartners.nl\/pl\/","name":"DMKB","description":"Bouw en techniek zonder zorgen","potentialAction":[{"@type":"SearchAction","target":{"@type":"EntryPoint","urlTemplate":"https:\/\/dmkbpartners.nl\/pl\/?s={search_term_string}"},"query-input":{"@type":"PropertyValueSpecification","valueRequired":true,"valueName":"search_term_string"}}],"inLanguage":"pl-PL"}]}},"_links":{"self":[{"href":"https:\/\/dmkbpartners.nl\/pl\/wp-json\/wp\/v2\/pages\/1075","targetHints":{"allow":["GET"]}}],"collection":[{"href":"https:\/\/dmkbpartners.nl\/pl\/wp-json\/wp\/v2\/pages"}],"about":[{"href":"https:\/\/dmkbpartners.nl\/pl\/wp-json\/wp\/v2\/types\/page"}],"author":[{"embeddable":true,"href":"https:\/\/dmkbpartners.nl\/pl\/wp-json\/wp\/v2\/users\/2"}],"replies":[{"embeddable":true,"href":"https:\/\/dmkbpartners.nl\/pl\/wp-json\/wp\/v2\/comments?post=1075"}],"version-history":[{"count":34,"href":"https:\/\/dmkbpartners.nl\/pl\/wp-json\/wp\/v2\/pages\/1075\/revisions"}],"predecessor-version":[{"id":1274,"href":"https:\/\/dmkbpartners.nl\/pl\/wp-json\/wp\/v2\/pages\/1075\/revisions\/1274"}],"wp:attachment":[{"href":"https:\/\/dmkbpartners.nl\/pl\/wp-json\/wp\/v2\/media?parent=1075"}],"curies":[{"name":"wp","href":"https:\/\/api.w.org\/{rel}","templated":true}]}}